{"id":21,"date":"2024-06-06T18:04:42","date_gmt":"2024-06-06T18:04:42","guid":{"rendered":"https:\/\/stgbeyond9.wpenginepowered.com\/?page_id=21"},"modified":"2026-04-21T09:17:26","modified_gmt":"2026-04-21T09:17:26","slug":"am-i-eligible","status":"publish","type":"page","link":"https:\/\/hemophilia-beyond-9.com\/es-us\/am-i-eligible\/","title":{"rendered":"\u00bfSoy elegible?"},"content":{"rendered":"<div data-elementor-type=\"wp-page\" data-elementor-id=\"21\" class=\"elementor elementor-21\" data-elementor-post-type=\"page\">\n\t\t\t\t<div class=\"elementor-element elementor-element-4432298 header-background e-flex e-con-boxed e-con e-parent\" data-id=\"4432298\" data-element_type=\"container\" data-e-type=\"container\" data-settings=\"{&quot;background_background&quot;:&quot;classic&quot;}\">\n\t\t\t\t\t<div class=\"e-con-inner\">\n\t\t<div class=\"elementor-element elementor-element-46c3cab e-con-full e-flex e-con e-child\" data-id=\"46c3cab\" data-element_type=\"container\" data-e-type=\"container\">\n\t\t\t\t<div class=\"elementor-element elementor-element-4bc0609 elementor-widget__width-initial elementor-widget elementor-widget-heading\" data-id=\"4bc0609\" data-element_type=\"widget\" data-e-type=\"widget\" data-widget_type=\"heading.default\">\n\t\t\t\t<div class=\"elementor-widget-container\">\n\t\t\t\t\t<h1 class=\"elementor-heading-title elementor-size-default\">\u00bfSoy elegible?<\/h1>\t\t\t\t<\/div>\n\t\t\t\t<\/div>\n\t\t\t\t<\/div>\n\t\t<div class=\"elementor-element elementor-element-97fcd5c e-con-full e-flex e-con e-child\" data-id=\"97fcd5c\" data-element_type=\"container\" data-e-type=\"container\">\n\t\t\t\t<\/div>\n\t\t\t\t\t<\/div>\n\t\t\t\t<\/div>\n\t\t<div class=\"elementor-element elementor-element-31f524cc e-flex e-con-boxed e-con e-parent\" data-id=\"31f524cc\" data-element_type=\"container\" data-e-type=\"container\">\n\t\t\t\t\t<div class=\"e-con-inner\">\n\t\t\t\t<div class=\"elementor-element elementor-element-38d10904 elementor-widget elementor-widget-text-editor\" data-id=\"38d10904\" data-element_type=\"widget\" data-e-type=\"widget\" data-widget_type=\"text-editor.default\">\n\t\t\t\t<div class=\"elementor-widget-container\">\n\t\t\t\t\t\t\t\t\t<p>Si desea formar parte del estudio de investigaci\u00f3n cl\u00ednica <span class=\"TextRun SCXW124631814 BCX8\" lang=\"EN-US\" xml:lang=\"EN-US\" data-contrast=\"none\"><span class=\"NormalTextRun SCXW124631814 BCX8\">BEYOND-9,<\/span><\/span> complete el siguiente cuestionario de preselecci\u00f3n para ver si es elegible.<\/p>\t\t\t\t\t\t\t\t<\/div>\n\t\t\t\t<\/div>\n\t\t\t\t<div class=\"elementor-element elementor-element-4c4e3b9 elementor-widget elementor-widget-text-editor\" data-id=\"4c4e3b9\" data-element_type=\"widget\" data-e-type=\"widget\" data-widget_type=\"text-editor.default\">\n\t\t\t\t<div class=\"elementor-widget-container\">\n\t\t\t\t\t\t\t\t\tEs posible que sea elegible si:\u00a0\t\t\t\t\t\t\t\t<\/div>\n\t\t\t\t<\/div>\n\t\t<div class=\"elementor-element elementor-element-55fc25f2 e-flex e-con-boxed e-con e-child\" data-id=\"55fc25f2\" data-element_type=\"container\" data-e-type=\"container\">\n\t\t\t\t\t<div class=\"e-con-inner\">\n\t\t<div class=\"elementor-element elementor-element-40f31bb0 e-con-full e-flex e-con e-child\" data-id=\"40f31bb0\" data-element_type=\"container\" data-e-type=\"container\">\n\t\t\t\t<div class=\"elementor-element elementor-element-5b057f77 imgSpecialSize2 elementor-widget elementor-widget-image\" data-id=\"5b057f77\" data-element_type=\"widget\" data-e-type=\"widget\" data-widget_type=\"image.default\">\n\t\t\t\t<div class=\"elementor-widget-container\">\n\t\t\t\t\t\t\t\t\t\t\t\t\t\t\t<img decoding=\"async\" width=\"76\" height=\"76\" src=\"https:\/\/hemophilia-beyond-9.com\/wp-content\/uploads\/2024\/08\/copy.svg\" class=\"attachment-full size-full wp-image-184\" alt=\"\" \/>\t\t\t\t\t\t\t\t\t\t\t\t\t\t\t<\/div>\n\t\t\t\t<\/div>\n\t\t\t\t<\/div>\n\t\t<div class=\"elementor-element elementor-element-4a696baa e-flex e-con-boxed e-con e-child\" data-id=\"4a696baa\" data-element_type=\"container\" data-e-type=\"container\">\n\t\t\t\t\t<div class=\"e-con-inner\">\n\t\t\t\t<div class=\"elementor-element elementor-element-7bf14019 ul-only elementor-widget elementor-widget-text-editor\" data-id=\"7bf14019\" data-element_type=\"widget\" data-e-type=\"widget\" data-widget_type=\"text-editor.default\">\n\t\t\t\t<div class=\"elementor-widget-container\">\n\t\t\t\t\t\t\t\t\t<ul>\n \t<li>Es hombre (\u226518\u202fa\u00f1os de edad)\u00a0<br><br>\n<b>NOTA:<\/b> En el futuro, existen planes de incluir a pacientes pedi\u00e1tricos en el ensayo cl\u00ednico (entre 2 y 17\u202fa\u00f1os de edad)\n<\/li>\n<br>\n \t<li>Ha sido diagnosticado con hemofilia\u202fB moderadamente severa a severa\u00a0<\/li>\n \t<li>Est\u00e1 actualmente recibiendo un r\u00e9gimen preventivo estable de FIX y tiene experiencia previa con la terapia de reemplazo de FIX<\/li>\n<li>Haber participado en el estudio HONEY-B (R0000-HEMB-2187) durante al menos 6\u202fmeses, o estar dispuesto a participar en un per\u00edodo de preinclusi\u00f3n antes del tratamiento\u00a0\n\u00a0<br><br>\n<b>NOTA:<\/b> Los primeros 3\u202fparticipantes incluidos en la Parte\u202f1 del estudio no est\u00e1n obligados a participar en el per\u00edodo de preinclusi\u00f3n\u00a0\n<\/li>\n<\/ul>\t\t\t\t\t\t\t\t<\/div>\n\t\t\t\t<\/div>\n\t\t\t\t\t<\/div>\n\t\t\t\t<\/div>\n\t\t\t\t\t<\/div>\n\t\t\t\t<\/div>\n\t\t\t\t<div class=\"elementor-element elementor-element-38cb43d0 elementor-widget elementor-widget-text-editor\" data-id=\"38cb43d0\" data-element_type=\"widget\" data-e-type=\"widget\" data-widget_type=\"text-editor.default\">\n\t\t\t\t<div class=\"elementor-widget-container\">\n\t\t\t\t\t\t\t\t\tHay otros requisitos para participar. Si usted est\u00e1 interesado en participar y da su consentimiento informado, el equipo del estudio primero le tomar\u00e1 una muestra de sangre para evaluar si usted puede ser examinado completamente para este estudio. Luego, en una visita posterior, se realizar\u00e1 un examen m\u00e9dico completo junto con otras pruebas y procedimientos posibles para ver si puede calificar para este estudio. Si tiene otras preguntas, puede compartir este sitio web con su m\u00e9dico para analizar este estudio.\u00a0\t\t\t\t\t\t\t\t<\/div>\n\t\t\t\t<\/div>\n\t\t\t\t\t<\/div>\n\t\t\t\t<\/div>\n\t\t<div class=\"elementor-element elementor-element-2cf6e79 e-flex e-con-boxed e-con e-parent\" data-id=\"2cf6e79\" data-element_type=\"container\" data-e-type=\"container\" id=\"questionnaire\" data-settings=\"{&quot;background_background&quot;:&quot;classic&quot;}\">\n\t\t\t\t\t<div class=\"e-con-inner\">\n\t\t<div class=\"elementor-element elementor-element-4b7536a e-flex e-con-boxed e-con e-child\" data-id=\"4b7536a\" data-element_type=\"container\" data-e-type=\"container\">\n\t\t\t\t\t<div class=\"e-con-inner\">\n\t\t\t\t<div class=\"elementor-element elementor-element-3606ebd elementor-widget elementor-widget-heading\" data-id=\"3606ebd\" data-element_type=\"widget\" data-e-type=\"widget\" data-widget_type=\"heading.default\">\n\t\t\t\t<div class=\"elementor-widget-container\">\n\t\t\t\t\t<h2 class=\"elementor-heading-title elementor-size-default\">Cuestionario de preselecci\u00f3n<\/h2>\t\t\t\t<\/div>\n\t\t\t\t<\/div>\n\t\t\t\t<div class=\"elementor-element elementor-element-9221bf6 elementor-widget elementor-widget-text-editor\" data-id=\"9221bf6\" data-element_type=\"widget\" data-e-type=\"widget\" data-widget_type=\"text-editor.default\">\n\t\t\t\t<div class=\"elementor-widget-container\">\n\t\t\t\t\t\t\t\t\t<p>Puede saber si cumple con algunos de los requisitos completando el siguiente cuestionario de preselecci\u00f3n. Solo responda \u201cs\u00ed\u201d o \u201cno\u201d a cada pregunta y, luego, haga clic en el bot\u00f3n \u201cEnviar\u201d. <strong>Este cuestionario es totalmente an\u00f3nimo: no se guarda su informaci\u00f3n personal.<\/strong><\/p>\t\t\t\t\t\t\t\t<\/div>\n\t\t\t\t<\/div>\n\t\t\t\t<div class=\"elementor-element elementor-element-eeb1693 elementor-widget elementor-widget-text-editor\" data-id=\"eeb1693\" data-element_type=\"widget\" data-e-type=\"widget\" data-widget_type=\"text-editor.default\">\n\t\t\t\t<div class=\"elementor-widget-container\">\n\t\t\t\t\t\t\t\t\tEste cuestionario no incluye todos los requisitos que debe cumplir para participar. Si es elegible para este estudio, cuando visite el centro del estudio por primera vez recibir\u00e1 tambi\u00e9n una copia del Formulario de Consentimiento Informado, donde encontrar\u00e1 m\u00e1s informaci\u00f3n.\u00a0\u00a0\t\t\t\t\t\t\t\t<\/div>\n\t\t\t\t<\/div>\n\t\t\t\t\t<\/div>\n\t\t\t\t<\/div>\n\t\t\t\t<div class=\"elementor-element elementor-element-96d779f elementor-icon-list--layout-traditional elementor-list-item-link-full_width elementor-widget elementor-widget-icon-list\" data-id=\"96d779f\" data-element_type=\"widget\" data-e-type=\"widget\" data-widget_type=\"icon-list.default\">\n\t\t\t\t<div class=\"elementor-widget-container\">\n\t\t\t\t\t\t\t<ul class=\"elementor-icon-list-items\">\n\t\t\t\t\t\t\t<li class=\"elementor-icon-list-item\">\n\t\t\t\t\t\t\t\t\t\t<span class=\"elementor-icon-list-text\">Haga clic en la respuesta que se ajuste mejor a su caso.<\/span>\n\t\t\t\t\t\t\t\t\t<\/li>\n\t\t\t\t\t\t<\/ul>\n\t\t\t\t\t\t<\/div>\n\t\t\t\t<\/div>\n\t\t<div class=\"elementor-element elementor-element-1368597 e-flex e-con-boxed e-con e-child\" data-id=\"1368597\" data-element_type=\"container\" data-e-type=\"container\">\n\t\t\t\t\t<div class=\"e-con-inner\">\n\t\t\t\t<div class=\"elementor-element elementor-element-1628486 elementor-widget elementor-widget-html\" data-id=\"1628486\" data-element_type=\"widget\" data-e-type=\"widget\" data-widget_type=\"html.default\">\n\t\t\t\t<div class=\"elementor-widget-container\">\n\t\t\t\t\t  <form id=\"preScreener\" action=\"\">\r\n        <div class=\"form-row\">\r\n          <label class=\"form-label\">\u00bfEs usted un hombre de 18\u202fa\u00f1os o mayor?<\/label>\r\n          <div class=\"radio-btns\">\r\n          <label class=\"form-radio\">\r\n          <input type=\"radio\" name=\"fieldGroup1\" value=\"yes\" class='yes-radio radioBtn' required> <span class=\"checkmark\"><\/span>\r\n          <span class='label-text'>S\u00ed<\/span><\/label>\r\n          <label class=\"form-radio\">\r\n          <input type=\"radio\" name=\"fieldGroup1\" value=\"no\" class=\"radioBtn\" required>  <span class=\"checkmark nein\"><\/span>\r\n          <span class='label-text'>No<\/span><\/label><\/div>\r\n        <\/div>\r\n        \r\n        <div class=\"form-row\">\r\n          <label class=\"form-label\">\u00bfLe han diagnosticado hemofilia\u202fB moderadamente severa a severa?\u00a0<\/label>\r\n          <div class=\"radio-btns\">\r\n          <label class=\"form-radio\">\r\n          <input type=\"radio\" name=\"fieldGroup2\" value=\"yes\" class='yes-radio radioBtn' required>  <span class=\"checkmark\"><\/span>\r\n          <span class='label-text'>S\u00ed<\/span><\/label>\r\n          <label class=\"form-radio\">\r\n          <input type=\"radio\" name=\"fieldGroup2\" value=\"no\" class=\"radioBtn\" required>  <span class=\"checkmark nein\"><\/span>\r\n          <span class='label-text'>No<\/span><\/label><\/div>\r\n        <\/div>\r\n        \r\n        <div class=\"form-row\">\r\n          <label class=\"form-label\">\u00bfEst\u00e1 actualmente recibiendo un r\u00e9gimen preventivo estable de FIX y tiene experiencia con la terapia de reemplazo de FIX?<\/label>\r\n          <div class=\"radio-btns\">\r\n          <label class=\"form-radio\">\r\n          <input type=\"radio\" name=\"fieldGroup3\" value=\"yes\" class='yes-radio radioBtn' required>  <span class=\"checkmark\"><\/span>\r\n          <span class='label-text'>S\u00ed<\/span><\/label>\r\n          <label class=\"form-radio\">\r\n          <input type=\"radio\" name=\"fieldGroup3\" value=\"no\" class=\"radioBtn\" required>  <span class=\"checkmark nein\"><\/span>\r\n          <span class='label-text'>No<\/span><\/label><\/div>\r\n        <\/div>\r\n        \r\n        <div class=\"form-row\">\r\n          <label class=\"form-label\">\u00bfTiene antecedentes de inhibidor del FIX?\u00a0<\/label>\r\n           <div class=\"radio-btns\">\r\n          <label class=\"form-radio\">\r\n          <input type=\"radio\" name=\"fieldGroup4\" value=\"yes\" class=\"radioBtn\" required>  <span class=\"checkmark\"><\/span>\r\n          <span class='label-text'>S\u00ed<\/span><\/label>\r\n          <label class=\"form-radio\">\r\n          <input type=\"radio\" name=\"fieldGroup4\" value=\"no\" class=\"no-radio radioBtn\" required>  <span class=\"checkmark nein\"><\/span>\r\n          <span class='label-text'>No<\/span><\/label><\/div>\r\n        <\/div>\r\n        \r\n        <div class=\"form-row\">\r\n          <label class=\"form-label\">\u00bfHa recibido anteriormente alguna terapia g\u00e9nica?\u00a0<\/label>\r\n           <div class=\"radio-btns\">\r\n          <label class=\"form-radio\">\r\n          <input type=\"radio\" name=\"fieldGroup5\" value=\"yes\" class=\"radioBtn\" required>  <span class=\"checkmark\"><\/span>\r\n          <span class='label-text'>S\u00ed<\/span><\/label>\r\n          <label class=\"form-radio\">\r\n          <input type=\"radio\" name=\"fieldGroup5\" value=\"no\" class=\"radioBtn no-radio\" required>  <span class=\"checkmark nein\"><\/span>\r\n          <span class='label-text'>No<\/span><\/label><\/div>\r\n        <\/div>\r\n\r\n        <div class=\"form-row\">\r\n            <label class=\"form-label\">\u00bfTiene una enfermedad hep\u00e1tica significativa preexistente?<\/label>\r\n             <div class=\"radio-btns\">\r\n            <label class=\"form-radio\">\r\n            <input type=\"radio\" name=\"fieldGroup6\" value=\"yes\" class=\"radioBtn\" required>  <span class=\"checkmark\"><\/span>\r\n            <span class='label-text'>S\u00ed<\/span><\/label>\r\n            <label class=\"form-radio\">\r\n            <input type=\"radio\" name=\"fieldGroup6\" value=\"no\" class=\"radioBtn no-radio\" required>  <span class=\"checkmark nein\"><\/span>\r\n            <span class='label-text'>No<\/span><\/label><\/div>\r\n          <\/div>\r\n          \r\n       <span id=\"preError\" style=\"display: none;\">Please answer all questions!<\/span>\r\n        <div class=\"preeScreenerBtn\">\r\n          <input type=\"submit\" value=\"Enviar\" id='btn'>\r\n        <\/div>\r\n      <input type=\"hidden\" name=\"trp-form-language\" value=\"es-us\"\/><\/form>\t\t\t\t<\/div>\n\t\t\t\t<\/div>\n\t\t\t\t\t<\/div>\n\t\t\t\t<\/div>\n\t\t\t\t\t<\/div>\n\t\t\t\t<\/div>\n\t\t<div class=\"elementor-element elementor-element-e48623d e-flex e-con-boxed e-con e-parent\" data-id=\"e48623d\" data-element_type=\"container\" data-e-type=\"container\" id=\"sitefinder\">\n\t\t\t\t\t<div class=\"e-con-inner\">\n\t\t<div class=\"elementor-element elementor-element-b285936 e-flex e-con-boxed e-con e-child\" data-id=\"b285936\" data-element_type=\"container\" data-e-type=\"container\">\n\t\t\t\t\t<div class=\"e-con-inner\">\n\t\t\t\t<div class=\"elementor-element elementor-element-d157d0c elementor-widget elementor-widget-heading\" data-id=\"d157d0c\" data-element_type=\"widget\" data-e-type=\"widget\" data-widget_type=\"heading.default\">\n\t\t\t\t<div class=\"elementor-widget-container\">\n\t\t\t\t\t<h2 class=\"elementor-heading-title elementor-size-default\">Encuentre un centro del estudio cerca de usted<\/h2>\t\t\t\t<\/div>\n\t\t\t\t<\/div>\n\t\t\t\t<div class=\"elementor-element elementor-element-20b6d90 elementor-widget elementor-widget-text-editor\" data-id=\"20b6d90\" data-element_type=\"widget\" data-e-type=\"widget\" data-widget_type=\"text-editor.default\">\n\t\t\t\t<div class=\"elementor-widget-container\">\n\t\t\t\t\t\t\t\t\t<p>Para encontrar el centro del estudio m\u00e1s cercano, ingrese su c\u00f3digo postal.<\/p>\t\t\t\t\t\t\t\t<\/div>\n\t\t\t\t<\/div>\n\t\t\t\t\t<\/div>\n\t\t\t\t<\/div>\n\t\t<div class=\"elementor-element elementor-element-683b9af e-flex e-con-boxed e-con e-child\" data-id=\"683b9af\" data-element_type=\"container\" data-e-type=\"container\">\n\t\t\t\t\t<div class=\"e-con-inner\">\n\t\t\t\t<div class=\"elementor-element elementor-element-fbac95e elementor-widget elementor-widget-shortcode\" data-id=\"fbac95e\" data-element_type=\"widget\" data-e-type=\"widget\" id=\"sitefinder\" data-widget_type=\"shortcode.default\">\n\t\t\t\t<div class=\"elementor-widget-container\">\n\t\t\t\t\t\t\t<div class=\"elementor-shortcode\">\n\n\n\n\n\n\n\n\n\n <style>\r\n\t#wpsl-stores .wpsl-store-thumb {height:45px !important; width:45px !important;}\r\n\t#wpsl-stores, #wpsl-direction-details, #wpsl-gmap {height:650px !important;}\r\n\t#wpsl-gmap .wpsl-info-window {max-width:250px !important;}\r\n\t.wpsl-input label, #wpsl-radius label, #wpsl-category label {width:200px;}\r\n\t#wpsl-search-input  {width:200px;}\r\n<\/style>\r\n<div id=\"wpsl-wrap\">\r\n\t<div class=\"wpsl-search wpsl-clearfix\">\r\n\t\t<div id=\"wpsl-search-wrap\">\r\n\t\t\t<form autocomplete=\"off\" action=\"\">\r\n\t\t\t<div class=\"wpsl-input\">\r\n\t\t\t\t<div><label for=\"wpsl-search-input\">Tu ubicaci\u00f3n<\/label><\/div>\r\n\t\t\t\t<input id=\"wpsl-search-input\" type=\"text\" value=\"\" name=\"wpsl-search-input\" placeholder=\"\" aria-required=\"true\" \/>\r\n\t\t\t<\/div>\r\n\t\t\t<div class=\"wpsl-select-wrap\">\r\n\t\t\t\t<div id=\"wpsl-radius\">\r\n\t\t\t\t\t<label for=\"wpsl-radius-dropdown\">Radio<\/label>\r\n\t\t\t\t\t<select id=\"wpsl-radius-dropdown\" class=\"wpsl-dropdown\" name=\"wpsl-radius\">\r\n\t\t\t\t\t\t<option value=\"10\">10 km<\/option><option value=\"25\">25 km<\/option><option value=\"50\">50 km<\/option><option value=\"100\">100 km<\/option><option selected=\"selected\" value=\"200\">200 km<\/option><option value=\"500\">500 km<\/option>\r\n\t\t\t\t\t<\/select>\r\n\t\t\t\t<\/div>\r\n\t\t\t<\/div>\r\n\t\t\t\t<div class=\"wpsl-search-btn-wrap\"><input id=\"wpsl-search-btn\" type=\"submit\" value=\"Buscar\"><\/div>\r\n\t\t<input type=\"hidden\" name=\"trp-form-language\" value=\"es-us\"\/><\/form>\r\n\t\t<\/div>\r\n\t<\/div>\r\n\t<div id=\"wpsl-gmap\" class=\"wpsl-gmap-canvas\"><\/div>\r\n\t<div id=\"wpsl-result-list\">\r\n\t\t<div id=\"wpsl-stores\" >\r\n\t\t\t<ul><\/ul>\r\n\t\t<\/div>\r\n\t\t<div id=\"wpsl-direction-details\">\r\n\t\t\t<ul><\/ul>\r\n\t\t<\/div>\r\n\t<\/div>\r\n<\/div>\r\n \n\n\n\n\n\n<\/div>\n\t\t\t\t\t\t<\/div>\n\t\t\t\t<\/div>\n\t\t\t\t\t<\/div>\n\t\t\t\t<\/div>\n\t\t\t\t\t<\/div>\n\t\t\t\t<\/div>\n\t\t\t\t<\/div>","protected":false},"excerpt":{"rendered":"<p>AM I Eligible? If you wish to take part in the BEYOND-9 clinical research study, fill in the pre-screening questionnaire below to see if you may be eligible. You may be eligible if you:\u00a0 Are male (\u226518 years of age)\u00a0 NOTE: In the future, pediatrics are planned to be included in the clinical trial (between [&hellip;]<\/p>\n","protected":false},"author":2,"featured_media":0,"parent":0,"menu_order":0,"comment_status":"closed","ping_status":"closed","template":"","meta":{"footnotes":""},"class_list":["post-21","page","type-page","status-publish","hentry"],"_links":{"self":[{"href":"https:\/\/hemophilia-beyond-9.com\/es-us\/wp-json\/wp\/v2\/pages\/21","targetHints":{"allow":["GET"]}}],"collection":[{"href":"https:\/\/hemophilia-beyond-9.com\/es-us\/wp-json\/wp\/v2\/pages"}],"about":[{"href":"https:\/\/hemophilia-beyond-9.com\/es-us\/wp-json\/wp\/v2\/types\/page"}],"author":[{"embeddable":true,"href":"https:\/\/hemophilia-beyond-9.com\/es-us\/wp-json\/wp\/v2\/users\/2"}],"replies":[{"embeddable":true,"href":"https:\/\/hemophilia-beyond-9.com\/es-us\/wp-json\/wp\/v2\/comments?post=21"}],"version-history":[{"count":0,"href":"https:\/\/hemophilia-beyond-9.com\/es-us\/wp-json\/wp\/v2\/pages\/21\/revisions"}],"wp:attachment":[{"href":"https:\/\/hemophilia-beyond-9.com\/es-us\/wp-json\/wp\/v2\/media?parent=21"}],"curies":[{"name":"wp","href":"https:\/\/api.w.org\/{rel}","templated":true}]}}