{"id":21,"date":"2024-06-06T18:04:42","date_gmt":"2024-06-06T18:04:42","guid":{"rendered":"https:\/\/stgbeyond9.wpenginepowered.com\/?page_id=21"},"modified":"2025-09-17T08:03:12","modified_gmt":"2025-09-17T08:03:12","slug":"am-i-eligible","status":"publish","type":"page","link":"https:\/\/hemophilia-beyond-9.com\/de-de\/am-i-eligible\/","title":{"rendered":"Kommt die Studie f\u00fcr mich infrage?"},"content":{"rendered":"<div data-elementor-type=\"wp-page\" data-elementor-id=\"21\" class=\"elementor elementor-21\" data-elementor-post-type=\"page\">\n\t\t\t\t<div class=\"elementor-element elementor-element-4432298 header-background e-flex e-con-boxed e-con e-parent\" data-id=\"4432298\" data-element_type=\"container\" data-e-type=\"container\" data-settings=\"{&quot;background_background&quot;:&quot;classic&quot;}\">\n\t\t\t\t\t<div class=\"e-con-inner\">\n\t\t<div class=\"elementor-element elementor-element-46c3cab e-con-full e-flex e-con e-child\" data-id=\"46c3cab\" data-element_type=\"container\" data-e-type=\"container\">\n\t\t\t\t<div class=\"elementor-element elementor-element-4bc0609 elementor-widget__width-initial elementor-widget elementor-widget-heading\" data-id=\"4bc0609\" data-element_type=\"widget\" data-e-type=\"widget\" data-widget_type=\"heading.default\">\n\t\t\t\t<div class=\"elementor-widget-container\">\n\t\t\t\t\t<h1 class=\"elementor-heading-title elementor-size-default\">Komme ich infrage?<\/h1>\t\t\t\t<\/div>\n\t\t\t\t<\/div>\n\t\t\t\t<\/div>\n\t\t<div class=\"elementor-element elementor-element-97fcd5c e-con-full e-flex e-con e-child\" data-id=\"97fcd5c\" data-element_type=\"container\" data-e-type=\"container\">\n\t\t\t\t<\/div>\n\t\t\t\t\t<\/div>\n\t\t\t\t<\/div>\n\t\t<div class=\"elementor-element elementor-element-31f524cc e-flex e-con-boxed e-con e-parent\" data-id=\"31f524cc\" data-element_type=\"container\" data-e-type=\"container\">\n\t\t\t\t\t<div class=\"e-con-inner\">\n\t\t\t\t<div class=\"elementor-element elementor-element-38d10904 elementor-widget elementor-widget-text-editor\" data-id=\"38d10904\" data-element_type=\"widget\" data-e-type=\"widget\" data-widget_type=\"text-editor.default\">\n\t\t\t\t<div class=\"elementor-widget-container\">\n\t\t\t\t\t\t\t\t\t<p>Wenn Sie an der klinischen Studie <span class=\"TextRun SCXW124631814 BCX8\" lang=\"EN-US\" xml:lang=\"EN-US\" data-contrast=\"none\"><span class=\"NormalTextRun SCXW124631814 BCX8\">BEYOND-9<\/span><\/span> teilnehmen m\u00f6chten, f\u00fcllen Sie den nachfolgenden Fragebogen f\u00fcr die Vorauswahl von Teilnehmern aus, um herauszufinden, ob die Studie f\u00fcr Sie infrage kommen k\u00f6nnte.<\/p>\t\t\t\t\t\t\t\t<\/div>\n\t\t\t\t<\/div>\n\t\t\t\t<div class=\"elementor-element elementor-element-4c4e3b9 elementor-widget elementor-widget-text-editor\" data-id=\"4c4e3b9\" data-element_type=\"widget\" data-e-type=\"widget\" data-widget_type=\"text-editor.default\">\n\t\t\t\t<div class=\"elementor-widget-container\">\n\t\t\t\t\t\t\t\t\tDie Studie k\u00f6nnte f\u00fcr Sie infrage kommen, wenn:\u00a0\t\t\t\t\t\t\t\t<\/div>\n\t\t\t\t<\/div>\n\t\t<div class=\"elementor-element elementor-element-55fc25f2 e-flex e-con-boxed e-con e-child\" data-id=\"55fc25f2\" data-element_type=\"container\" data-e-type=\"container\">\n\t\t\t\t\t<div class=\"e-con-inner\">\n\t\t<div class=\"elementor-element elementor-element-40f31bb0 e-con-full e-flex e-con e-child\" data-id=\"40f31bb0\" data-element_type=\"container\" data-e-type=\"container\">\n\t\t\t\t<div class=\"elementor-element elementor-element-5b057f77 imgSpecialSize2 elementor-widget elementor-widget-image\" data-id=\"5b057f77\" data-element_type=\"widget\" data-e-type=\"widget\" data-widget_type=\"image.default\">\n\t\t\t\t<div class=\"elementor-widget-container\">\n\t\t\t\t\t\t\t\t\t\t\t\t\t\t\t<img decoding=\"async\" width=\"76\" height=\"76\" src=\"https:\/\/hemophilia-beyond-9.com\/wp-content\/uploads\/2024\/08\/copy.svg\" class=\"attachment-full size-full wp-image-184\" alt=\"\" \/>\t\t\t\t\t\t\t\t\t\t\t\t\t\t\t<\/div>\n\t\t\t\t<\/div>\n\t\t\t\t<\/div>\n\t\t<div class=\"elementor-element elementor-element-4a696baa e-flex e-con-boxed e-con e-child\" data-id=\"4a696baa\" data-element_type=\"container\" data-e-type=\"container\">\n\t\t\t\t\t<div class=\"e-con-inner\">\n\t\t\t\t<div class=\"elementor-element elementor-element-7bf14019 ul-only elementor-widget elementor-widget-text-editor\" data-id=\"7bf14019\" data-element_type=\"widget\" data-e-type=\"widget\" data-widget_type=\"text-editor.default\">\n\t\t\t\t<div class=\"elementor-widget-container\">\n\t\t\t\t\t\t\t\t\t<ul>\n \t<li>Sie m\u00e4nnlich sind (\u2265\u202f18\u202fJahre alt)\u00a0<br><br>\n<b>HINWEIS:<\/b> In Zukunft sollen auch Kinder und Jugendliche (zwischen 2 und 17\u202fJahren) in die klinische Studie aufgenommen werden.\n<\/li>\n<br>\n \t<li>Bei Ihnen eine mittelschwere bis schwere H\u00e4mophilie\u202fB diagnostiziert wurde\u00a0<\/li>\n \t<li>Sie derzeit ein stabiles vorbeugendes Behandlungsschema (Prophylaxe) mit FIX-Pr\u00e4paraten erhalten und bereits Erfahrung mit der FIX-Ersatztherapie haben<\/li>\n<li>Sie \u00fcber mindestens 6\u202fMonate an der HONEY-B-Studie (R0000-HEMB-2187) teilgenommen haben oder bereit sind, vor der Behandlung am Vorlaufzeitraum teilzunehmen\u00a0\n\u00a0<br><br>\n<b>HINWEIS:<\/b> Die ersten drei Teilnehmer an Teil\u202f1 der Studie m\u00fcssen nicht am Vorlaufzeitraum teilnehmen.\u00a0\n<\/li>\n<\/ul>\t\t\t\t\t\t\t\t<\/div>\n\t\t\t\t<\/div>\n\t\t\t\t\t<\/div>\n\t\t\t\t<\/div>\n\t\t\t\t\t<\/div>\n\t\t\t\t<\/div>\n\t\t\t\t<div class=\"elementor-element elementor-element-38cb43d0 elementor-widget elementor-widget-text-editor\" data-id=\"38cb43d0\" data-element_type=\"widget\" data-e-type=\"widget\" data-widget_type=\"text-editor.default\">\n\t\t\t\t<div class=\"elementor-widget-container\">\n\t\t\t\t\t\t\t\t\tF\u00fcr die Teilnahme m\u00fcssen noch weitere Voraussetzungen erf\u00fcllt sein. Wenn Sie an einer Teilnahme interessiert sind und Ihre Einwilligung erteilen, wird das Studienteam zun\u00e4chst eine Blutprobe entnehmen, um zu beurteilen, ob Sie sich einer vollst\u00e4ndigen Voruntersuchung f\u00fcr diese Studie unterziehen k\u00f6nnen. Bei einem nachfolgenden Besuchstermin werden dann eine vollst\u00e4ndige medizinische Untersuchung sowie andere m\u00f6gliche Tests und Verfahren durchgef\u00fchrt, um festzustellen, ob diese Studie f\u00fcr Sie infrage kommen k\u00f6nnte. Wenn Sie weitere Fragen haben, zeigen Sie diese Website Ihrem Arzt\/Ihrer \u00c4rztin, um diese Studie zu besprechen.\u00a0\t\t\t\t\t\t\t\t<\/div>\n\t\t\t\t<\/div>\n\t\t\t\t\t<\/div>\n\t\t\t\t<\/div>\n\t\t<div class=\"elementor-element elementor-element-2cf6e79 e-flex e-con-boxed e-con e-parent\" data-id=\"2cf6e79\" data-element_type=\"container\" data-e-type=\"container\" id=\"questionnaire\" data-settings=\"{&quot;background_background&quot;:&quot;classic&quot;}\">\n\t\t\t\t\t<div class=\"e-con-inner\">\n\t\t<div class=\"elementor-element elementor-element-4b7536a e-flex e-con-boxed e-con e-child\" data-id=\"4b7536a\" data-element_type=\"container\" data-e-type=\"container\">\n\t\t\t\t\t<div class=\"e-con-inner\">\n\t\t\t\t<div class=\"elementor-element elementor-element-3606ebd elementor-widget elementor-widget-heading\" data-id=\"3606ebd\" data-element_type=\"widget\" data-e-type=\"widget\" data-widget_type=\"heading.default\">\n\t\t\t\t<div class=\"elementor-widget-container\">\n\t\t\t\t\t<h2 class=\"elementor-heading-title elementor-size-default\">Fragebogen f\u00fcr die Vorauswahl von Teilnehmern<\/h2>\t\t\t\t<\/div>\n\t\t\t\t<\/div>\n\t\t\t\t<div class=\"elementor-element elementor-element-9221bf6 elementor-widget elementor-widget-text-editor\" data-id=\"9221bf6\" data-element_type=\"widget\" data-e-type=\"widget\" data-widget_type=\"text-editor.default\">\n\t\t\t\t<div class=\"elementor-widget-container\">\n\t\t\t\t\t\t\t\t\t<p>Sie k\u00f6nnen feststellen, ob Sie einige der Voraussetzungen erf\u00fcllen, indem Sie den nachstehenden Fragebogen f\u00fcr die Vorauswahl von Teilnehmern ausf\u00fcllen. Beantworten Sie einfach jede Frage mit \u201eJa\u201c oder \u201eNein\u201c und klicken Sie dann auf die Schaltfl\u00e4che \u201eSenden\u201c. <strong>Dieser Fragebogen ist v\u00f6llig anonym\u202f\u2013 es werden keine personenbezogenen Daten von Ihnen gespeichert.<\/strong><\/p>\t\t\t\t\t\t\t\t<\/div>\n\t\t\t\t<\/div>\n\t\t\t\t<div class=\"elementor-element elementor-element-eeb1693 elementor-widget elementor-widget-text-editor\" data-id=\"eeb1693\" data-element_type=\"widget\" data-e-type=\"widget\" data-widget_type=\"text-editor.default\">\n\t\t\t\t<div class=\"elementor-widget-container\">\n\t\t\t\t\t\t\t\t\tDieser Fragebogen enth\u00e4lt nicht alle Voraussetzungen, die Sie f\u00fcr die Teilnahme erf\u00fcllen m\u00fcssen. Wenn die Studie f\u00fcr Sie infrage kommt, erhalten Sie bei Ihrem ersten Termin im Pr\u00fcfzentrum auch ein Exemplar der Patienteninformation und Einwilligungserkl\u00e4rung, die weitere Angaben enth\u00e4lt.\u00a0\u00a0\t\t\t\t\t\t\t\t<\/div>\n\t\t\t\t<\/div>\n\t\t\t\t\t<\/div>\n\t\t\t\t<\/div>\n\t\t\t\t<div class=\"elementor-element elementor-element-96d779f elementor-icon-list--layout-traditional elementor-list-item-link-full_width elementor-widget elementor-widget-icon-list\" data-id=\"96d779f\" data-element_type=\"widget\" data-e-type=\"widget\" data-widget_type=\"icon-list.default\">\n\t\t\t\t<div class=\"elementor-widget-container\">\n\t\t\t\t\t\t\t<ul class=\"elementor-icon-list-items\">\n\t\t\t\t\t\t\t<li class=\"elementor-icon-list-item\">\n\t\t\t\t\t\t\t\t\t\t<span class=\"elementor-icon-list-text\">Klicken Sie bitte die Antwort an, die am besten auf Sie zutrifft.<\/span>\n\t\t\t\t\t\t\t\t\t<\/li>\n\t\t\t\t\t\t<\/ul>\n\t\t\t\t\t\t<\/div>\n\t\t\t\t<\/div>\n\t\t<div class=\"elementor-element elementor-element-1368597 e-flex e-con-boxed e-con e-child\" data-id=\"1368597\" data-element_type=\"container\" data-e-type=\"container\">\n\t\t\t\t\t<div class=\"e-con-inner\">\n\t\t\t\t<div class=\"elementor-element elementor-element-1628486 elementor-widget elementor-widget-html\" data-id=\"1628486\" data-element_type=\"widget\" data-e-type=\"widget\" data-widget_type=\"html.default\">\n\t\t\t\t<div class=\"elementor-widget-container\">\n\t\t\t\t\t  <form id=\"preScreener\" action=\"\">\r\n        <div class=\"form-row\">\r\n          <label class=\"form-label\">Sind Sie m\u00e4nnlich und mindestens 18\u202fJahre alt?<\/label>\r\n          <div class=\"radio-btns\">\r\n          <label class=\"form-radio\">\r\n          <input type=\"radio\" name=\"fieldGroup1\" value=\"yes\" class='yes-radio radioBtn' required> <span class=\"checkmark\"><\/span>\r\n          <span class='label-text'>Ja<\/span><\/label>\r\n          <label class=\"form-radio\">\r\n          <input type=\"radio\" name=\"fieldGroup1\" value=\"no\" class=\"radioBtn\" required>  <span class=\"checkmark nein\"><\/span>\r\n          <span class='label-text'>Nein<\/span><\/label><\/div>\r\n        <\/div>\r\n        \r\n        <div class=\"form-row\">\r\n          <label class=\"form-label\">Wurde bei Ihnen mittelschwere bis schwere H\u00e4mophilie\u202fB diagnostiziert?\u00a0<\/label>\r\n          <div class=\"radio-btns\">\r\n          <label class=\"form-radio\">\r\n          <input type=\"radio\" name=\"fieldGroup2\" value=\"yes\" class='yes-radio radioBtn' required>  <span class=\"checkmark\"><\/span>\r\n          <span class='label-text'>Ja<\/span><\/label>\r\n          <label class=\"form-radio\">\r\n          <input type=\"radio\" name=\"fieldGroup2\" value=\"no\" class=\"radioBtn\" required>  <span class=\"checkmark nein\"><\/span>\r\n          <span class='label-text'>Nein<\/span><\/label><\/div>\r\n        <\/div>\r\n        \r\n        <div class=\"form-row\">\r\n          <label class=\"form-label\">Erhalten Sie derzeit ein stabiles vorbeugendes Behandlungsschema (Prophylaxe) mit FIX-Pr\u00e4paraten und haben Sie bereits Erfahrung mit der FIX-Ersatztherapie?<\/label>\r\n          <div class=\"radio-btns\">\r\n          <label class=\"form-radio\">\r\n          <input type=\"radio\" name=\"fieldGroup3\" value=\"yes\" class='yes-radio radioBtn' required>  <span class=\"checkmark\"><\/span>\r\n          <span class='label-text'>Ja<\/span><\/label>\r\n          <label class=\"form-radio\">\r\n          <input type=\"radio\" name=\"fieldGroup3\" value=\"no\" class=\"radioBtn\" required>  <span class=\"checkmark nein\"><\/span>\r\n          <span class='label-text'>Nein<\/span><\/label><\/div>\r\n        <\/div>\r\n        \r\n        <div class=\"form-row\">\r\n          <label class=\"form-label\">Haben Sie in der Vergangenheit einen FIX-Inhibitor erhalten?\u00a0<\/label>\r\n           <div class=\"radio-btns\">\r\n          <label class=\"form-radio\">\r\n          <input type=\"radio\" name=\"fieldGroup4\" value=\"yes\" class=\"radioBtn\" required>  <span class=\"checkmark\"><\/span>\r\n          <span class='label-text'>Ja<\/span><\/label>\r\n          <label class=\"form-radio\">\r\n          <input type=\"radio\" name=\"fieldGroup4\" value=\"no\" class=\"no-radio radioBtn\" required>  <span class=\"checkmark nein\"><\/span>\r\n          <span class='label-text'>Nein<\/span><\/label><\/div>\r\n        <\/div>\r\n        \r\n        <div class=\"form-row\">\r\n          <label class=\"form-label\">Haben Sie bereits einmal eine Gentherapie erhalten?\u00a0<\/label>\r\n           <div class=\"radio-btns\">\r\n          <label class=\"form-radio\">\r\n          <input type=\"radio\" name=\"fieldGroup5\" value=\"yes\" class=\"radioBtn\" required>  <span class=\"checkmark\"><\/span>\r\n          <span class='label-text'>Ja<\/span><\/label>\r\n          <label class=\"form-radio\">\r\n          <input type=\"radio\" name=\"fieldGroup5\" value=\"no\" class=\"radioBtn no-radio\" required>  <span class=\"checkmark nein\"><\/span>\r\n          <span class='label-text'>Nein<\/span><\/label><\/div>\r\n        <\/div>\r\n\r\n        <div class=\"form-row\">\r\n            <label class=\"form-label\">Haben Sie eine bereits bestehende schwere Lebererkrankung?<\/label>\r\n             <div class=\"radio-btns\">\r\n            <label class=\"form-radio\">\r\n            <input type=\"radio\" name=\"fieldGroup6\" value=\"yes\" class=\"radioBtn\" required>  <span class=\"checkmark\"><\/span>\r\n            <span class='label-text'>Ja<\/span><\/label>\r\n            <label class=\"form-radio\">\r\n            <input type=\"radio\" name=\"fieldGroup6\" value=\"no\" class=\"radioBtn no-radio\" required>  <span class=\"checkmark nein\"><\/span>\r\n            <span class='label-text'>Nein<\/span><\/label><\/div>\r\n          <\/div>\r\n          \r\n       <span id=\"preError\" style=\"display: none;\">Please answer all questions!<\/span>\r\n        <div class=\"preeScreenerBtn\">\r\n          <input type=\"submit\" value=\"Senden\" id='btn'>\r\n        <\/div>\r\n      <input type=\"hidden\" name=\"trp-form-language\" value=\"de-de\"\/><\/form>\t\t\t\t<\/div>\n\t\t\t\t<\/div>\n\t\t\t\t\t<\/div>\n\t\t\t\t<\/div>\n\t\t\t\t\t<\/div>\n\t\t\t\t<\/div>\n\t\t<div class=\"elementor-element elementor-element-e48623d e-flex e-con-boxed e-con e-parent\" data-id=\"e48623d\" data-element_type=\"container\" data-e-type=\"container\" id=\"sitefinder\">\n\t\t\t\t\t<div class=\"e-con-inner\">\n\t\t<div class=\"elementor-element elementor-element-b285936 e-flex e-con-boxed e-con e-child\" data-id=\"b285936\" data-element_type=\"container\" data-e-type=\"container\">\n\t\t\t\t\t<div class=\"e-con-inner\">\n\t\t\t\t<div class=\"elementor-element elementor-element-d157d0c elementor-widget elementor-widget-heading\" data-id=\"d157d0c\" data-element_type=\"widget\" data-e-type=\"widget\" data-widget_type=\"heading.default\">\n\t\t\t\t<div class=\"elementor-widget-container\">\n\t\t\t\t\t<h2 class=\"elementor-heading-title elementor-size-default\">Finden Sie ein Pr\u00fcfzentrum in Ihrer N\u00e4he<\/h2>\t\t\t\t<\/div>\n\t\t\t\t<\/div>\n\t\t\t\t<div class=\"elementor-element elementor-element-20b6d90 elementor-widget elementor-widget-text-editor\" data-id=\"20b6d90\" data-element_type=\"widget\" data-e-type=\"widget\" data-widget_type=\"text-editor.default\">\n\t\t\t\t<div class=\"elementor-widget-container\">\n\t\t\t\t\t\t\t\t\t<p>Um Ihr n\u00e4chstgelegenes Pr\u00fcfzentrum zu finden, geben Sie bitte Ihre Postleitzahl ein.<\/p>\t\t\t\t\t\t\t\t<\/div>\n\t\t\t\t<\/div>\n\t\t\t\t\t<\/div>\n\t\t\t\t<\/div>\n\t\t<div class=\"elementor-element elementor-element-683b9af e-flex e-con-boxed e-con e-child\" data-id=\"683b9af\" data-element_type=\"container\" data-e-type=\"container\">\n\t\t\t\t\t<div class=\"e-con-inner\">\n\t\t\t\t<div class=\"elementor-element elementor-element-fbac95e elementor-widget elementor-widget-shortcode\" data-id=\"fbac95e\" data-element_type=\"widget\" data-e-type=\"widget\" id=\"sitefinder\" data-widget_type=\"shortcode.default\">\n\t\t\t\t<div class=\"elementor-widget-container\">\n\t\t\t\t\t\t\t<div class=\"elementor-shortcode\">\n\n <style>\r\n\t#wpsl-stores .wpsl-store-thumb {height:45px !important; width:45px !important;}\r\n\t#wpsl-stores, #wpsl-direction-details, #wpsl-gmap {height:650px !important;}\r\n\t#wpsl-gmap .wpsl-info-window {max-width:250px !important;}\r\n\t.wpsl-input label, #wpsl-radius label, #wpsl-category label {width:200px;}\r\n\t#wpsl-search-input  {width:200px;}\r\n<\/style>\r\n<div id=\"wpsl-wrap\">\r\n\t<div class=\"wpsl-search wpsl-clearfix\">\r\n\t\t<div id=\"wpsl-search-wrap\">\r\n\t\t\t<form autocomplete=\"off\" action=\"\">\r\n\t\t\t<div class=\"wpsl-input\">\r\n\t\t\t\t<div><label for=\"wpsl-search-input\">Ihr Standort<\/label><\/div>\r\n\t\t\t\t<input id=\"wpsl-search-input\" type=\"text\" value=\"\" name=\"wpsl-search-input\" placeholder=\"\" aria-required=\"true\" \/>\r\n\t\t\t<\/div>\r\n\t\t\t<div class=\"wpsl-select-wrap\">\r\n\t\t\t\t<div id=\"wpsl-radius\">\r\n\t\t\t\t\t<label for=\"wpsl-radius-dropdown\">Suchradius<\/label>\r\n\t\t\t\t\t<select id=\"wpsl-radius-dropdown\" class=\"wpsl-dropdown\" name=\"wpsl-radius\">\r\n\t\t\t\t\t\t<option value=\"10\">10 km<\/option><option value=\"25\">25 km<\/option><option value=\"50\">50 km<\/option><option value=\"100\">100 km<\/option><option selected=\"selected\" value=\"200\">200 km<\/option><option value=\"500\">500 km<\/option>\r\n\t\t\t\t\t<\/select>\r\n\t\t\t\t<\/div>\r\n\t\t\t<\/div>\r\n\t\t\t\t<div class=\"wpsl-search-btn-wrap\"><input id=\"wpsl-search-btn\" type=\"submit\" value=\"Suchen\"><\/div>\r\n\t\t<input type=\"hidden\" name=\"trp-form-language\" value=\"de-de\"\/><\/form>\r\n\t\t<\/div>\r\n\t<\/div>\r\n\t<div id=\"wpsl-gmap\" class=\"wpsl-gmap-canvas\"><\/div>\r\n\t<div id=\"wpsl-result-list\">\r\n\t\t<div id=\"wpsl-stores\" >\r\n\t\t\t<ul><\/ul>\r\n\t\t<\/div>\r\n\t\t<div id=\"wpsl-direction-details\">\r\n\t\t\t<ul><\/ul>\r\n\t\t<\/div>\r\n\t<\/div>\r\n<\/div>\r\n \n\n\n\n\n\n\n\n\n\n\n\n\n\n<\/div>\n\t\t\t\t\t\t<\/div>\n\t\t\t\t<\/div>\n\t\t\t\t\t<\/div>\n\t\t\t\t<\/div>\n\t\t\t\t\t<\/div>\n\t\t\t\t<\/div>\n\t\t\t\t<\/div>","protected":false},"excerpt":{"rendered":"<p>AM I Eligible? If you wish to take part in the BEYOND-9 clinical research study, fill in the pre-screening questionnaire below to see if you may be eligible. You may be eligible if you:\u00a0 Are male (\u226518 years of age)\u00a0 NOTE: In the future, pediatrics are planned to be included in the clinical trial (between [&hellip;]<\/p>\n","protected":false},"author":2,"featured_media":0,"parent":0,"menu_order":0,"comment_status":"closed","ping_status":"closed","template":"","meta":{"footnotes":""},"class_list":["post-21","page","type-page","status-publish","hentry"],"_links":{"self":[{"href":"https:\/\/hemophilia-beyond-9.com\/de-de\/wp-json\/wp\/v2\/pages\/21","targetHints":{"allow":["GET"]}}],"collection":[{"href":"https:\/\/hemophilia-beyond-9.com\/de-de\/wp-json\/wp\/v2\/pages"}],"about":[{"href":"https:\/\/hemophilia-beyond-9.com\/de-de\/wp-json\/wp\/v2\/types\/page"}],"author":[{"embeddable":true,"href":"https:\/\/hemophilia-beyond-9.com\/de-de\/wp-json\/wp\/v2\/users\/2"}],"replies":[{"embeddable":true,"href":"https:\/\/hemophilia-beyond-9.com\/de-de\/wp-json\/wp\/v2\/comments?post=21"}],"version-history":[{"count":0,"href":"https:\/\/hemophilia-beyond-9.com\/de-de\/wp-json\/wp\/v2\/pages\/21\/revisions"}],"wp:attachment":[{"href":"https:\/\/hemophilia-beyond-9.com\/de-de\/wp-json\/wp\/v2\/media?parent=21"}],"curies":[{"name":"wp","href":"https:\/\/api.w.org\/{rel}","templated":true}]}}